{"id":238,"date":"2024-01-22T14:09:58","date_gmt":"2024-01-22T13:09:58","guid":{"rendered":"https:\/\/pincollection.multi2net.com\/WP\/?page_id=238"},"modified":"2025-02-04T19:24:15","modified_gmt":"2025-02-04T18:24:15","slug":"velkommen","status":"publish","type":"page","link":"https:\/\/pincollection.multi2net.com\/WP\/","title":{"rendered":"Velkommen"},"content":{"rendered":"\n<p style=\"font-size:12px\">Pins oversikt for Lillehammer 1994, Paralympics  1994, Ungdoms OL 1994, Ski VM Trondheim 1997, Ishockey VM 1999, Sykkel VM 1993, H\u00e5ndball VM 1993, Alberville 1992 og Hard Rock Cafe.<\/p>\n\n\n\n<p class=\"has-text-align-center\" style=\"font-size:0.7rem\"><strong>Side oppdatert: <\/strong> <\/p>\n\n\n<div style=\"letter-spacing:3px;\" class=\"wp-block-post-date__modified-date has-text-align-center wp-block-post-date has-small-font-size\"><time datetime=\"2025-02-04T19:24:15+01:00\">4. februar 2025<\/time><\/div>\n\n\n<div class=\"wp-block-media-text is-stacked-on-mobile\" style=\"grid-template-columns:29% auto\"><figure class=\"wp-block-media-text__media\"><img loading=\"lazy\" decoding=\"async\" width=\"454\" height=\"166\" src=\"https:\/\/pincollection.multi2net.com\/WP\/wp-content\/uploads\/flagg.jpg\" alt=\"\" class=\"wp-image-254 size-full\" srcset=\"https:\/\/pincollection.multi2net.com\/WP\/wp-content\/uploads\/flagg.jpg 454w, https:\/\/pincollection.multi2net.com\/WP\/wp-content\/uploads\/flagg-300x110.jpg 300w\" sizes=\"auto, (max-width: 454px) 100vw, 454px\" \/><\/figure><div class=\"wp-block-media-text__content\">\n<p style=\"font-size:17px\">Denne siden er laget for \u00e5 ha oversikt over min egen pins samling.<br>Oppdateres ca 1-2 ganger i uken.<br>Listene er fine \u00e5 s\u00f8ke i hvis man leter etter en spesiell pin, katalognummer med mer.<br>Pins kryssreferanse liste er basert p\u00e5 Holts Pinsguide,Rabbev\u00e5g kat. 1 og 2.<br>Hard Rock Cafe Oslo og Troms\u00f8 er laget da det ikke har v\u00e6rt gode lister tilgjengelig.<br>Siden er mobiltilpasset s\u00e5 godt det er mulig med regneark som base.<br>De fleste oppf\u00f8ringer har n\u00e5 bilde. det jobbes kontinuerlig med \u00e5 skaffe bedre bilder.<br><br>To see this page in your language , select preffered language in top right corner.<\/p>\n\n\n\n<p class=\"has-small-font-size\">.<\/p>\n<\/div><\/div>\n\n\n\n<figure class=\"wp-block-pullquote\" style=\"font-size:17px\"><blockquote><p>Lillehammer 30 \u00e5rs jubileum <\/p><cite>Vinter OL 1994<br>12.2.2024 Var det 30 \u00e5r siden OL p\u00e5 Lillehammer<br><br>Det er utgitt 2-3 offisiellepins i forbindelse med 30-\u00e5rs jubileet. <br>det er utgitt en h\u00e5ndfull uautoriserte 30-\u00e5rs pins. Flestepartren av disse er utgitt av nyland.<\/cite><\/blockquote><\/figure>\n\n\n<div class=\"n2-section-smartslider fitvidsignore  n2_clear\" data-ssid=\"2\"><div id=\"n2-ss-2-align\" class=\"n2-ss-align\" style=\"margin: 0 auto; max-width: 800px;\"><div class=\"n2-padding\"><div id=\"n2-ss-2\" data-creator=\"Smart Slider 3\" data-responsive=\"auto\" class=\"n2-ss-slider n2-ow n2-has-hover n2notransition  \">\n        <div class=\"n2-ss-slider-1 n2_ss__touch_element n2-ow\">\n            <div class=\"n2-ss-slider-2 n2-ow\">\n                                                <div class=\"n2-ss-slider-3 n2-ow\">\n\n                    <div class=\"n2-ss-slide-backgrounds n2-ow-all\"><div class=\"n2-ss-slide-background\" data-public-id=\"1\" data-mode=\"fill\"><div class=\"n2-ss-slide-background-image\" data-blur=\"0\" data-opacity=\"100\" data-x=\"49\" data-y=\"42\" data-alt=\"\" data-title=\"\" style=\"--ss-o-pos-x:49%;--ss-o-pos-y:42%\"><picture class=\"skip-lazy\" data-skip-lazy=\"1\"><img decoding=\"async\" src=\"\/\/pincollection.multi2net.com\/WP\/wp-content\/uploads\/pins1.jpg\" alt=\"\" title=\"\" loading=\"lazy\" class=\"skip-lazy\" data-skip-lazy=\"1\"><\/picture><\/div><div data-color=\"RGBA(255,255,255,0)\" style=\"background-color: RGBA(255,255,255,0);\" class=\"n2-ss-slide-background-color\"><\/div><\/div><div class=\"n2-ss-slide-background\" data-public-id=\"2\" data-mode=\"fill\" aria-hidden=\"true\"><div class=\"n2-ss-slide-background-image\" data-blur=\"0\" data-opacity=\"100\" data-x=\"50\" data-y=\"50\" data-alt=\"\" data-title=\"\"><picture class=\"skip-lazy\" data-skip-lazy=\"1\"><img decoding=\"async\" src=\"\/\/pincollection.multi2net.com\/WP\/wp-content\/uploads\/pins2.jpg\" alt=\"\" title=\"\" loading=\"lazy\" class=\"skip-lazy\" data-skip-lazy=\"1\"><\/picture><\/div><div data-color=\"RGBA(255,255,255,0)\" style=\"background-color: RGBA(255,255,255,0);\" class=\"n2-ss-slide-background-color\"><\/div><\/div><div class=\"n2-ss-slide-background\" data-public-id=\"3\" data-mode=\"fill\" aria-hidden=\"true\"><div class=\"n2-ss-slide-background-image\" data-blur=\"0\" data-opacity=\"100\" data-x=\"53\" data-y=\"29\" data-alt=\"\" data-title=\"\" style=\"--ss-o-pos-x:53%;--ss-o-pos-y:29%\"><picture class=\"skip-lazy\" data-skip-lazy=\"1\"><img decoding=\"async\" src=\"\/\/pincollection.multi2net.com\/WP\/wp-content\/uploads\/pins3.jpg\" alt=\"\" title=\"\" loading=\"lazy\" class=\"skip-lazy\" data-skip-lazy=\"1\"><\/picture><\/div><div data-color=\"RGBA(255,255,255,0)\" style=\"background-color: RGBA(255,255,255,0);\" class=\"n2-ss-slide-background-color\"><\/div><\/div><div class=\"n2-ss-slide-background\" data-public-id=\"4\" data-mode=\"fill\" aria-hidden=\"true\"><div class=\"n2-ss-slide-background-image\" data-blur=\"0\" data-opacity=\"100\" data-x=\"50\" data-y=\"50\" data-alt=\"\" data-title=\"\"><picture class=\"skip-lazy\" data-skip-lazy=\"1\"><img decoding=\"async\" src=\"\/\/pincollection.multi2net.com\/WP\/wp-content\/uploads\/pins4.jpg\" alt=\"\" title=\"\" loading=\"lazy\" class=\"skip-lazy\" data-skip-lazy=\"1\"><\/picture><\/div><div data-color=\"RGBA(255,255,255,0)\" style=\"background-color: RGBA(255,255,255,0);\" class=\"n2-ss-slide-background-color\"><\/div><\/div><div class=\"n2-ss-slide-background\" data-public-id=\"5\" data-mode=\"fill\" aria-hidden=\"true\"><div class=\"n2-ss-slide-background-image\" data-blur=\"0\" data-opacity=\"100\" data-x=\"50\" data-y=\"50\" data-alt=\"\" data-title=\"\"><picture class=\"skip-lazy\" data-skip-lazy=\"1\"><img decoding=\"async\" src=\"\/\/pincollection.multi2net.com\/WP\/wp-content\/uploads\/pins5.jpg\" alt=\"\" title=\"\" loading=\"lazy\" class=\"skip-lazy\" data-skip-lazy=\"1\"><\/picture><\/div><div data-color=\"RGBA(255,255,255,0)\" style=\"background-color: RGBA(255,255,255,0);\" class=\"n2-ss-slide-background-color\"><\/div><\/div><div class=\"n2-ss-slide-background\" data-public-id=\"6\" data-mode=\"fill\" aria-hidden=\"true\"><div class=\"n2-ss-slide-background-image\" data-blur=\"0\" data-opacity=\"100\" data-x=\"50\" data-y=\"50\" data-alt=\"\" data-title=\"\"><picture class=\"skip-lazy\" data-skip-lazy=\"1\"><img decoding=\"async\" src=\"\/\/pincollection.multi2net.com\/WP\/wp-content\/uploads\/pins6.jpg\" alt=\"\" title=\"\" loading=\"lazy\" class=\"skip-lazy\" data-skip-lazy=\"1\"><\/picture><\/div><div data-color=\"RGBA(255,255,255,0)\" style=\"background-color: RGBA(255,255,255,0);\" class=\"n2-ss-slide-background-color\"><\/div><\/div><div class=\"n2-ss-slide-background\" data-public-id=\"7\" data-mode=\"fill\" aria-hidden=\"true\"><div class=\"n2-ss-slide-background-image\" data-blur=\"0\" data-opacity=\"100\" data-x=\"50\" data-y=\"50\" data-alt=\"\" data-title=\"\"><picture class=\"skip-lazy\" data-skip-lazy=\"1\"><img decoding=\"async\" src=\"\/\/pincollection.multi2net.com\/WP\/wp-content\/uploads\/pins7.jpg\" alt=\"\" title=\"\" loading=\"lazy\" class=\"skip-lazy\" data-skip-lazy=\"1\"><\/picture><\/div><div data-color=\"RGBA(255,255,255,0)\" style=\"background-color: RGBA(255,255,255,0);\" class=\"n2-ss-slide-background-color\"><\/div><\/div><div class=\"n2-ss-slide-background\" data-public-id=\"8\" data-mode=\"fill\" aria-hidden=\"true\"><div class=\"n2-ss-slide-background-image\" data-blur=\"0\" data-opacity=\"100\" data-x=\"50\" data-y=\"50\" data-alt=\"\" data-title=\"\"><picture class=\"skip-lazy\" data-skip-lazy=\"1\"><img decoding=\"async\" src=\"\/\/pincollection.multi2net.com\/WP\/wp-content\/uploads\/pins8.jpg\" alt=\"\" title=\"\" loading=\"lazy\" class=\"skip-lazy\" data-skip-lazy=\"1\"><\/picture><\/div><div data-color=\"RGBA(255,255,255,0)\" style=\"background-color: RGBA(255,255,255,0);\" class=\"n2-ss-slide-background-color\"><\/div><\/div><div class=\"n2-ss-slide-background\" data-public-id=\"9\" data-mode=\"fill\" aria-hidden=\"true\"><div class=\"n2-ss-slide-background-image\" data-blur=\"0\" data-opacity=\"100\" data-x=\"50\" data-y=\"50\" data-alt=\"\" data-title=\"\"><picture class=\"skip-lazy\" data-skip-lazy=\"1\"><img decoding=\"async\" src=\"\/\/pincollection.multi2net.com\/WP\/wp-content\/uploads\/pins9.jpg\" alt=\"\" title=\"\" loading=\"lazy\" class=\"skip-lazy\" data-skip-lazy=\"1\"><\/picture><\/div><div data-color=\"RGBA(255,255,255,0)\" style=\"background-color: RGBA(255,255,255,0);\" class=\"n2-ss-slide-background-color\"><\/div><\/div><div class=\"n2-ss-slide-background\" data-public-id=\"10\" data-mode=\"fill\" aria-hidden=\"true\"><div class=\"n2-ss-slide-background-image\" data-blur=\"0\" data-opacity=\"100\" data-x=\"50\" data-y=\"50\" data-alt=\"\" data-title=\"\"><picture class=\"skip-lazy\" data-skip-lazy=\"1\"><img decoding=\"async\" src=\"\/\/pincollection.multi2net.com\/WP\/wp-content\/uploads\/pins10.jpg\" alt=\"\" title=\"\" loading=\"lazy\" class=\"skip-lazy\" data-skip-lazy=\"1\"><\/picture><\/div><div data-color=\"RGBA(255,255,255,0)\" style=\"background-color: RGBA(255,255,255,0);\" class=\"n2-ss-slide-background-color\"><\/div><\/div><\/div>                    <div class=\"n2-ss-slider-4 n2-ow\">\n                        <svg xmlns=\"http:\/\/www.w3.org\/2000\/svg\" viewBox=\"0 0 800 175\" data-related-device=\"desktopPortrait\" class=\"n2-ow n2-ss-preserve-size n2-ss-preserve-size--slider n2-ss-slide-limiter\"><\/svg><div data-first=\"1\" data-slide-duration=\"0\" data-id=\"3\" data-slide-public-id=\"1\" data-title=\"pins1\" class=\"n2-ss-slide n2-ow  n2-ss-slide-3\"><div role=\"note\" class=\"n2-ss-slide--focus\" tabindex=\"-1\">pins1<\/div><div class=\"n2-ss-layers-container n2-ss-slide-limiter n2-ow\"><div class=\"n2-ss-layer n2-ow n-uc-8z6Dg7qO7vnR\" data-sstype=\"slide\" data-pm=\"default\"><\/div><\/div><\/div><div data-slide-duration=\"0\" data-id=\"4\" data-slide-public-id=\"2\" aria-hidden=\"true\" data-title=\"pins2\" class=\"n2-ss-slide n2-ow  n2-ss-slide-4\"><div role=\"note\" class=\"n2-ss-slide--focus\" tabindex=\"-1\">pins2<\/div><div class=\"n2-ss-layers-container n2-ss-slide-limiter n2-ow\"><div class=\"n2-ss-layer n2-ow n-uc-wE4o9elektzz\" data-sstype=\"slide\" data-pm=\"default\"><\/div><\/div><\/div><div data-slide-duration=\"0\" data-id=\"5\" data-slide-public-id=\"3\" aria-hidden=\"true\" data-title=\"pins3\" class=\"n2-ss-slide n2-ow  n2-ss-slide-5\"><div role=\"note\" class=\"n2-ss-slide--focus\" tabindex=\"-1\">pins3<\/div><div class=\"n2-ss-layers-container n2-ss-slide-limiter n2-ow\"><div class=\"n2-ss-layer n2-ow n-uc-rHQPz3HWK7A7\" data-sstype=\"slide\" data-pm=\"default\"><\/div><\/div><\/div><div data-slide-duration=\"0\" data-id=\"6\" data-slide-public-id=\"4\" aria-hidden=\"true\" data-title=\"pins4\" class=\"n2-ss-slide n2-ow  n2-ss-slide-6\"><div role=\"note\" class=\"n2-ss-slide--focus\" tabindex=\"-1\">pins4<\/div><div class=\"n2-ss-layers-container n2-ss-slide-limiter n2-ow\"><div class=\"n2-ss-layer n2-ow n-uc-hcPgsvlUXoA6\" data-sstype=\"slide\" data-pm=\"default\"><\/div><\/div><\/div><div data-slide-duration=\"0\" data-id=\"7\" data-slide-public-id=\"5\" aria-hidden=\"true\" data-title=\"pins5\" class=\"n2-ss-slide n2-ow  n2-ss-slide-7\"><div role=\"note\" class=\"n2-ss-slide--focus\" tabindex=\"-1\">pins5<\/div><div class=\"n2-ss-layers-container n2-ss-slide-limiter n2-ow\"><div class=\"n2-ss-layer n2-ow n-uc-EL6QssUvJHHJ\" data-sstype=\"slide\" data-pm=\"default\"><\/div><\/div><\/div><div data-slide-duration=\"0\" data-id=\"8\" data-slide-public-id=\"6\" aria-hidden=\"true\" data-title=\"pins6\" class=\"n2-ss-slide n2-ow  n2-ss-slide-8\"><div role=\"note\" class=\"n2-ss-slide--focus\" tabindex=\"-1\">pins6<\/div><div class=\"n2-ss-layers-container n2-ss-slide-limiter n2-ow\"><div class=\"n2-ss-layer n2-ow n-uc-JWEJGcFe6nuN\" data-sstype=\"slide\" data-pm=\"default\"><\/div><\/div><\/div><div data-slide-duration=\"0\" data-id=\"9\" data-slide-public-id=\"7\" aria-hidden=\"true\" data-title=\"pins7\" class=\"n2-ss-slide n2-ow  n2-ss-slide-9\"><div role=\"note\" class=\"n2-ss-slide--focus\" tabindex=\"-1\">pins7<\/div><div class=\"n2-ss-layers-container n2-ss-slide-limiter n2-ow\"><div class=\"n2-ss-layer n2-ow n-uc-9BxeJPzjYOuo\" data-sstype=\"slide\" data-pm=\"default\"><\/div><\/div><\/div><div data-slide-duration=\"0\" data-id=\"10\" data-slide-public-id=\"8\" aria-hidden=\"true\" data-title=\"pins8\" class=\"n2-ss-slide n2-ow  n2-ss-slide-10\"><div role=\"note\" class=\"n2-ss-slide--focus\" tabindex=\"-1\">pins8<\/div><div class=\"n2-ss-layers-container n2-ss-slide-limiter n2-ow\"><div class=\"n2-ss-layer n2-ow n-uc-6uQjhiMZet8o\" data-sstype=\"slide\" data-pm=\"default\"><\/div><\/div><\/div><div data-slide-duration=\"0\" data-id=\"11\" data-slide-public-id=\"9\" aria-hidden=\"true\" data-title=\"pins9\" class=\"n2-ss-slide n2-ow  n2-ss-slide-11\"><div role=\"note\" class=\"n2-ss-slide--focus\" tabindex=\"-1\">pins9<\/div><div class=\"n2-ss-layers-container n2-ss-slide-limiter n2-ow\"><div class=\"n2-ss-layer n2-ow n-uc-WV6t8Z3BMN53\" data-sstype=\"slide\" data-pm=\"default\"><\/div><\/div><\/div><div data-slide-duration=\"0\" data-id=\"12\" data-slide-public-id=\"10\" aria-hidden=\"true\" data-title=\"pins10\" class=\"n2-ss-slide n2-ow  n2-ss-slide-12\"><div role=\"note\" class=\"n2-ss-slide--focus\" tabindex=\"-1\">pins10<\/div><div class=\"n2-ss-layers-container n2-ss-slide-limiter n2-ow\"><div class=\"n2-ss-layer n2-ow n-uc-usct7cEtjJcq\" data-sstype=\"slide\" data-pm=\"default\"><\/div><\/div><\/div>                    <\/div>\n\n                                    <\/div>\n            <\/div>\n        <\/div>\n        <\/div><ss3-loader><\/ss3-loader><\/div><\/div><div class=\"n2_clear\"><\/div><\/div>\n\n\n<div style=\"height:129px\" aria-hidden=\"true\" class=\"wp-block-spacer\"><\/div>\n\n\n\n<h2 class=\"wp-block-heading\">Nyttige linker:<\/h2>\n\n\n\n<div class=\"wp-block-media-text is-stacked-on-mobile\" style=\"grid-template-columns:35% auto\"><figure class=\"wp-block-media-text__media\"><img loading=\"lazy\" decoding=\"async\" width=\"1024\" height=\"463\" src=\"https:\/\/pincollection.multi2net.com\/WP\/wp-content\/uploads\/pinsguiden-1024x463.jpg\" alt=\"\" class=\"wp-image-258 size-full\" srcset=\"https:\/\/pincollection.multi2net.com\/WP\/wp-content\/uploads\/pinsguiden-1024x463.jpg 1024w, https:\/\/pincollection.multi2net.com\/WP\/wp-content\/uploads\/pinsguiden-300x136.jpg 300w, https:\/\/pincollection.multi2net.com\/WP\/wp-content\/uploads\/pinsguiden-768x347.jpg 768w, https:\/\/pincollection.multi2net.com\/WP\/wp-content\/uploads\/pinsguiden.jpg 1383w\" sizes=\"auto, (max-width: 1024px) 100vw, 1024px\" \/><\/figure><div class=\"wp-block-media-text__content\">\n<p style=\"font-size:17px\">Pinsguiden<br><br>Holt har samlet det meste av pins fra Lillehammer OL 1994 i denne pdf katalogen. Ryddig oversikt med bilder og info.<br>Siden oppdateres kontinuerlig.<br>Min kryssreferanse liste er basert p\u00e5 denne.<\/p>\n\n\n\n<p style=\"font-size:17px\"><a href=\"https:\/\/pinsguiden.no\/\" target=\"_blank\" rel=\"noreferrer noopener\">www.pinsguiden.no<\/a><\/p>\n<\/div><\/div>\n\n\n\n<div style=\"height:49px\" aria-hidden=\"true\" class=\"wp-block-spacer\"><\/div>\n\n\n\n<div class=\"wp-block-media-text is-stacked-on-mobile\" style=\"grid-template-columns:35% auto\"><figure class=\"wp-block-media-text__media\"><img loading=\"lazy\" decoding=\"async\" width=\"765\" height=\"546\" src=\"https:\/\/pincollection.multi2net.com\/WP\/wp-content\/uploads\/pinspal.jpg\" alt=\"\" class=\"wp-image-264 size-full\" srcset=\"https:\/\/pincollection.multi2net.com\/WP\/wp-content\/uploads\/pinspal.jpg 765w, https:\/\/pincollection.multi2net.com\/WP\/wp-content\/uploads\/pinspal-300x214.jpg 300w\" sizes=\"auto, (max-width: 765px) 100vw, 765px\" \/><\/figure><div class=\"wp-block-media-text__content\">\n<p style=\"font-size:17px\">Pinspal<\/p>\n\n\n\n<p style=\"font-size:17px\">Er du ute etter pins fra OL p\u00e5 Lillehammer ?<br>Anbefaler deg da \u00e5 ta en titt hos Pinspal.<br>Nye pins legges til hele tiden.<br>Norsk side <\/p>\n\n\n\n<p style=\"font-size:17px\"><a href=\"https:\/\/pinspal.com\/\" target=\"_blank\" rel=\"noreferrer noopener\">www.pinspal.com<\/a><\/p>\n<\/div><\/div>\n\n\n\n<div style=\"height:49px\" aria-hidden=\"true\" class=\"wp-block-spacer\"><\/div>\n\n\n\n<div class=\"wp-block-media-text is-stacked-on-mobile\" style=\"grid-template-columns:35% auto\"><figure class=\"wp-block-media-text__media\"><img loading=\"lazy\" decoding=\"async\" width=\"826\" height=\"633\" src=\"https:\/\/pincollection.multi2net.com\/WP\/wp-content\/uploads\/oslopinclub.jpg\" alt=\"\" class=\"wp-image-269 size-full\" srcset=\"https:\/\/pincollection.multi2net.com\/WP\/wp-content\/uploads\/oslopinclub.jpg 826w, https:\/\/pincollection.multi2net.com\/WP\/wp-content\/uploads\/oslopinclub-300x230.jpg 300w, https:\/\/pincollection.multi2net.com\/WP\/wp-content\/uploads\/oslopinclub-768x589.jpg 768w\" sizes=\"auto, (max-width: 826px) 100vw, 826px\" \/><\/figure><div class=\"wp-block-media-text__content\">\n<p style=\"font-size:17px\">Oslo Pin Club<\/p>\n\n\n\n<p style=\"font-size:17px\">Norges st\u00f8rste pinsklubb med egene utgivelser av pins.<\/p>\n\n\n\n<p style=\"font-size:17px\"><\/p>\n\n\n\n<p style=\"font-size:17px\"><a href=\"https:\/\/oslopinclub.no\/\" target=\"_blank\" rel=\"noreferrer noopener\">www.oslopinclub.no<\/a><\/p>\n<\/div><\/div>\n\n\n\n<div style=\"height:100px\" aria-hidden=\"true\" class=\"wp-block-spacer\"><\/div>\n\n\n\n<div style=\"height:394px\" aria-hidden=\"true\" class=\"wp-block-spacer\"><\/div>\n\n\n\n<p>Pinssamling, Pins, Merker, medaljer, mynter, Samling, OL-pins, vinterol, YOG, Ungdomsol, ski.vm, Vinterleker,Trondheim, Oslo, Lillehammer, Hamar, Gj\u00f8vik, \u00d8yer, Ringebu, Hafjell, Kvitfjell, Tr\u00f8ms\u00f8, Morgedal, Ishockey, langrenn, skiskyting, Hopp, Utfor, Sk\u00f8yter, sprint, H\u00e5ndball, Sykkelpins, Hard Rock Cafe<br>Pin, Pins, Enamel Pins, Hard Enamel, collect, collection, Disney.<\/p>\n","protected":false},"excerpt":{"rendered":"<p>Pins oversikt for Lillehammer 1994, Paralympics 1994, Ungdoms OL 1994, Ski VM Trondheim 1997, Ishockey VM 1999, Sykkel VM 1993, H\u00e5ndball VM 1993, Alberville 1992 og Hard Rock Cafe. Side oppdatert: Denne siden er laget for \u00e5 ha oversikt over min egen pins samling.Oppdateres ca 1-2 ganger i uken.Listene er fine \u00e5 s\u00f8ke i hvis [&hellip;]<\/p>\n","protected":false},"author":1,"featured_media":0,"parent":0,"menu_order":0,"comment_status":"closed","ping_status":"closed","template":"","meta":{"footnotes":""},"class_list":["post-238","page","type-page","status-publish","hentry"],"_links":{"self":[{"href":"https:\/\/pincollection.multi2net.com\/WP\/wp-json\/wp\/v2\/pages\/238","targetHints":{"allow":["GET"]}}],"collection":[{"href":"https:\/\/pincollection.multi2net.com\/WP\/wp-json\/wp\/v2\/pages"}],"about":[{"href":"https:\/\/pincollection.multi2net.com\/WP\/wp-json\/wp\/v2\/types\/page"}],"author":[{"embeddable":true,"href":"https:\/\/pincollection.multi2net.com\/WP\/wp-json\/wp\/v2\/users\/1"}],"replies":[{"embeddable":true,"href":"https:\/\/pincollection.multi2net.com\/WP\/wp-json\/wp\/v2\/comments?post=238"}],"version-history":[{"count":47,"href":"https:\/\/pincollection.multi2net.com\/WP\/wp-json\/wp\/v2\/pages\/238\/revisions"}],"predecessor-version":[{"id":913,"href":"https:\/\/pincollection.multi2net.com\/WP\/wp-json\/wp\/v2\/pages\/238\/revisions\/913"}],"wp:attachment":[{"href":"https:\/\/pincollection.multi2net.com\/WP\/wp-json\/wp\/v2\/media?parent=238"}],"curies":[{"name":"wp","href":"https:\/\/api.w.org\/{rel}","templated":true}]}}