{"id":389,"date":"2024-02-21T12:15:46","date_gmt":"2024-02-21T11:15:46","guid":{"rendered":"https:\/\/pincollection.multi2net.com\/WP\/?page_id=389"},"modified":"2024-11-06T21:35:57","modified_gmt":"2024-11-06T20:35:57","slug":"ski-vm-trondheim-2025","status":"publish","type":"page","link":"https:\/\/pincollection.multi2net.com\/WP\/ski-vm-trondheim-2025\/","title":{"rendered":"Ski VM Trondheim 2025"},"content":{"rendered":"\n<p class=\"has-small-font-size\">Pins utgivelser som kommer i forbindelse med Ski VM Trondheim 2025 vil legges ut her s\u00e5 snart de blir kjent.<\/p>\n\n\n\n<p class=\"has-small-font-size\">01.11.2024<br>Det er n\u00e5 forel\u00f8big utgitt 5 forskjellige pins-utgivelser i 2024. Opplysninger tilsier at det vil v\u00e6re meget begrenset med pins som utgis til dette arrangementet. Det er synd.<\/p>\n\n\n\n<div class=\"wp-block-wpdatatables-wpdatatables-gutenberg-block\">\n    <div class=\"wpdt-c \">\n    \n<input type=\"hidden\" id=\"wdtNonceFrontendEdit\" name=\"wdtNonceFrontendEdit\" value=\"6f15c8898d\" \/><input type=\"hidden\" name=\"_wp_http_referer\" value=\"\/WP\/wp-json\/wp\/v2\/pages\/389\" \/>    <input type=\"hidden\" id=\"table_1_desc\" value='{\"tableId\":\"table_1\",\"tableType\":\"xls\",\"selector\":\"#table_1\",\"responsive\":true,\"responsiveAction\":\"icon\",\"infoBlock\":true,\"pagination\":1,\"paginationAlign\":\"right\",\"paginationLayout\":\"full_numbers\",\"paginationLayoutMobile\":\"simple\",\"file_location\":\"wp_media_lib\",\"table_wcag\":0,\"simple_template_id\":0,\"scrollable\":false,\"globalSearch\":true,\"showRowsPerPage\":true,\"hideBeforeLoad\":true,\"pagination_top\":0,\"number_format\":1,\"decimalPlaces\":2,\"spinnerSrc\":\"https:\\\/\\\/pincollection.multi2net.com\\\/WP\\\/wp-content\\\/plugins\\\/wpdatatables\\\/assets\\\/\\\/img\\\/spinner.gif\",\"groupingEnabled\":false,\"tableWpId\":11,\"dataTableParams\":{\"sDom\":\"BT\\u003C\\u0027clear\\u0027\\u003Elftip\",\"bSortCellsTop\":false,\"bPaginate\":true,\"sPaginationType\":\"full_numbers\",\"aLengthMenu\":[[1,5,10,25,50,100,-1],[1,5,10,25,50,100,\"All\"]],\"iDisplayLength\":10,\"columnDefs\":[{\"sType\":\"string\",\"wdtType\":\"string\",\"bVisible\":true,\"orderable\":true,\"searchable\":true,\"InputType\":\"text\",\"name\":\"ID\",\"origHeader\":\"ID\",\"notNull\":false,\"conditionalFormattingRules\":[],\"className\":\" column-id\",\"aTargets\":[0]},{\"sType\":\"string\",\"wdtType\":\"icon\",\"bVisible\":true,\"orderable\":true,\"searchable\":true,\"InputType\":\"text\",\"name\":\"Image F\",\"origHeader\":\"Image F\",\"notNull\":false,\"conditionalFormattingRules\":[],\"className\":\" column-image-f\",\"aTargets\":[1]},{\"sType\":\"string\",\"wdtType\":\"icon\",\"bVisible\":true,\"orderable\":true,\"searchable\":true,\"InputType\":\"text\",\"name\":\"Image B\",\"origHeader\":\"Image B\",\"notNull\":false,\"conditionalFormattingRules\":[],\"className\":\" column-image-b\",\"aTargets\":[2]},{\"sType\":\"string\",\"wdtType\":\"icon\",\"bVisible\":true,\"orderable\":true,\"searchable\":true,\"InputType\":\"text\",\"name\":\"In Collection\",\"origHeader\":\"In Collection\",\"notNull\":false,\"conditionalFormattingRules\":[],\"className\":\" column-in-collection\",\"aTargets\":[3]},{\"sType\":\"string\",\"wdtType\":\"string\",\"bVisible\":true,\"orderable\":true,\"searchable\":true,\"InputType\":\"text\",\"name\":\"Category\",\"origHeader\":\"Category\",\"notNull\":false,\"conditionalFormattingRules\":[],\"className\":\" column-category\",\"aTargets\":[4]},{\"sType\":\"string\",\"wdtType\":\"string\",\"bVisible\":true,\"orderable\":true,\"searchable\":true,\"InputType\":\"text\",\"name\":\"Item description\",\"origHeader\":\"Item description\",\"notNull\":false,\"conditionalFormattingRules\":[],\"className\":\" column-item-description\",\"aTargets\":[5]},{\"sType\":\"string\",\"wdtType\":\"string\",\"bVisible\":true,\"orderable\":true,\"searchable\":true,\"InputType\":\"text\",\"name\":\"Number prod\",\"origHeader\":\"Number prod\",\"notNull\":false,\"conditionalFormattingRules\":[],\"className\":\" column-number-prod\",\"aTargets\":[6]},{\"sType\":\"string\",\"wdtType\":\"string\",\"bVisible\":true,\"orderable\":true,\"searchable\":true,\"InputType\":\"text\",\"name\":\"Prod\",\"origHeader\":\"Prod\",\"notNull\":false,\"conditionalFormattingRules\":[],\"className\":\" column-prod\",\"aTargets\":[7]},{\"sType\":\"string\",\"wdtType\":\"string\",\"bVisible\":true,\"orderable\":true,\"searchable\":true,\"InputType\":\"text\",\"name\":\"Est value(NOK)\",\"origHeader\":\"Est value(NOK)\",\"notNull\":false,\"conditionalFormattingRules\":[],\"className\":\" column-est-valuenok\",\"aTargets\":[8]},{\"sType\":\"string\",\"wdtType\":\"string\",\"bVisible\":true,\"orderable\":true,\"searchable\":true,\"InputType\":\"text\",\"name\":\"Info\",\"origHeader\":\"Info\",\"notNull\":false,\"conditionalFormattingRules\":[],\"className\":\" column-info\",\"aTargets\":[9]}],\"bAutoWidth\":false,\"order\":[[0,\"asc\"]],\"ordering\":true,\"buttons\":[],\"oSearch\":{\"bSmart\":false,\"bRegex\":false,\"sSearch\":\"\"}},\"currentSkin\":\"skin1\",\"tabletWidth\":\"1024\",\"mobileWidth\":\"480\",\"columnsFixed\":0,\"timeFormat\":\"H:i\",\"datepickFormat\":\"dd\\\/mm\\\/yy\"}'\/>\n\n    <table id=\"table_1\"\n           class=\"           responsive           display nowrap data-t wpDataTable wpDataTableID-11\"\n           style=\"display: none; \"\n           data-described-by='table_1_desc'\n           data-wpdatatable_id=\"11\">\n        \n        <!-- Table header -->\n        \n<thead>\n<tr>\n                    <th\n        data-class=\"expand\"                class=\" wdtheader sort \"\n        style=\"\">ID<\/th>        <th\n                        class=\" wdtheader sort \"\n        style=\"\">Image F<\/th>        <th\n                        class=\" wdtheader sort \"\n        style=\"\">Image B<\/th>        <th\n                        class=\" wdtheader sort \"\n        style=\"\">In Collection<\/th>        <th\n                        class=\" wdtheader sort \"\n        style=\"\">Category<\/th>        <th\n                        class=\" wdtheader sort \"\n        style=\"\">Item description<\/th>        <th\n                        class=\" wdtheader sort \"\n        style=\"\">Number prod<\/th>        <th\n                        class=\" wdtheader sort \"\n        style=\"\">Prod<\/th>        <th\n                        class=\" wdtheader sort \"\n        style=\"\">Est value(NOK)<\/th>        <th\n                        class=\" wdtheader sort \"\n        style=\"\">Info<\/th>    <\/tr>\n<\/thead>\n        <!-- \/Table header -->\n\n        <!-- Table body -->\n        \n<tbody>\n        <tr id=\"table_11_row_0\">\n                    <td style=\"\">TR25001<\/td>\n                    <td style=\"\"><a href='https:\/\/pincollection.multi2net.com\/WP\/wp-content\/uploads\/SkiVM2025\/TR25001.jpg' target='_blank' rel='lightbox[-1]'><img src='https:\/\/pincollection.multi2net.com\/WP\/wp-content\/uploads\/SkiVM2025\/M\/TR25001.jpg' \/><\/a><\/td>\n                    <td style=\"\"><a href='https:\/\/pincollection.multi2net.com\/WP\/wp-content\/uploads\/SkiVM2025\/TR25001bak.jpg' target='_blank' rel='lightbox[-1]'><img src='https:\/\/pincollection.multi2net.com\/WP\/wp-content\/uploads\/SkiVM2025\/M\/TR25001bak.jpg' \/><\/a><\/td>\n                    <td style=\"\"><img src='https:\/\/pincollection.multi2net.com\/WP\/wp-content\/uploads\/check-OK.jpg' \/><\/td>\n                    <td style=\"\">SkiVM`25<\/td>\n                    <td style=\"\">VM Rosa<\/td>\n                    <td style=\"\">750<\/td>\n                    <td style=\"\">IDE House of Brands<\/td>\n                    <td style=\"\">100<\/td>\n                    <td style=\"\">Utgitt 01.11.2024, Ruglete bakside uten tekst, s\u00f8lvval\u00f8r<\/td>\n            <\/tr>\n            <tr id=\"table_11_row_1\">\n                    <td style=\"\">TR25002<\/td>\n                    <td style=\"\"><a href='https:\/\/pincollection.multi2net.com\/WP\/wp-content\/uploads\/SkiVM2025\/TR25002.jpg' target='_blank' rel='lightbox[-1]'><img src='https:\/\/pincollection.multi2net.com\/WP\/wp-content\/uploads\/SkiVM2025\/M\/TR25002.jpg' \/><\/a><\/td>\n                    <td style=\"\"><a href='https:\/\/pincollection.multi2net.com\/WP\/wp-content\/uploads\/SkiVM2025\/TR25002bak.jpg' target='_blank' rel='lightbox[-1]'><img src='https:\/\/pincollection.multi2net.com\/WP\/wp-content\/uploads\/SkiVM2025\/M\/TR25002bak.jpg' \/><\/a><\/td>\n                    <td style=\"\"><img src='https:\/\/pincollection.multi2net.com\/WP\/wp-content\/uploads\/check-OK.jpg' \/><\/td>\n                    <td style=\"\">SkiVM`25<\/td>\n                    <td style=\"\">Logo pin<\/td>\n                    <td style=\"\">2000<\/td>\n                    <td style=\"\">IDE House of Brands<\/td>\n                    <td style=\"\">100<\/td>\n                    <td style=\"\">Utgitt 01.11.2025, Ruglete bakside uten tekst, s\u00f8lvval\u00f8r<\/td>\n            <\/tr>\n            <tr id=\"table_11_row_2\">\n                    <td style=\"\">TR25003<\/td>\n                    <td style=\"\"><a href='https:\/\/pincollection.multi2net.com\/WP\/wp-content\/uploads\/SkiVM2025\/TR25003.jpg' target='_blank' rel='lightbox[-1]'><img src='https:\/\/pincollection.multi2net.com\/WP\/wp-content\/uploads\/SkiVM2025\/M\/TR25003.jpg' \/><\/a><\/td>\n                    <td style=\"\"><\/td>\n                    <td style=\"\"><img src='https:\/\/pincollection.multi2net.com\/WP\/wp-content\/uploads\/mangler.jpg' \/><\/td>\n                    <td style=\"\">SkiVM`25<\/td>\n                    <td style=\"\">AktiVM (Folkehelseprosjektet)<\/td>\n                    <td style=\"\">1000<\/td>\n                    <td style=\"\">IDE House of Brands<\/td>\n                    <td style=\"\"><\/td>\n                    <td style=\"\">Utgitt til deltagere i AktiVM<\/td>\n            <\/tr>\n            <tr id=\"table_11_row_3\">\n                    <td style=\"\">TR25004<\/td>\n                    <td style=\"\"><a href='https:\/\/pincollection.multi2net.com\/WP\/wp-content\/uploads\/SkiVM2025\/TR25004.jpg' target='_blank' rel='lightbox[-1]'><img src='https:\/\/pincollection.multi2net.com\/WP\/wp-content\/uploads\/SkiVM2025\/M\/TR25004.jpg' \/><\/a><\/td>\n                    <td style=\"\"><\/td>\n                    <td style=\"\"><img src='https:\/\/pincollection.multi2net.com\/WP\/wp-content\/uploads\/mangler.jpg' \/><\/td>\n                    <td style=\"\">SkiVM`25<\/td>\n                    <td style=\"\">SPOR, Sammen p\u00e5 vei til VM<\/td>\n                    <td style=\"\">1000<\/td>\n                    <td style=\"\">IDE House of Brands<\/td>\n                    <td style=\"\"><\/td>\n                    <td style=\"\">Utgitt til sponsorer i sponsorprogrammet SPOR<\/td>\n            <\/tr>\n            <tr id=\"table_11_row_4\">\n                    <td style=\"\">TR25005<\/td>\n                    <td style=\"\"><a href='https:\/\/pincollection.multi2net.com\/WP\/wp-content\/uploads\/SkiVM2025\/TR25005.jpg' target='_blank' rel='lightbox[-1]'><img src='https:\/\/pincollection.multi2net.com\/WP\/wp-content\/uploads\/SkiVM2025\/M\/TR25005.jpg' \/><\/a><\/td>\n                    <td style=\"\"><a href='https:\/\/pincollection.multi2net.com\/WP\/wp-content\/uploads\/SkiVM2025\/TR25005bak.jpg' target='_blank' rel='lightbox[-1]'><img src='https:\/\/pincollection.multi2net.com\/WP\/wp-content\/uploads\/SkiVM2025\/M\/TR25005bak.jpg' \/><\/a><\/td>\n                    <td style=\"\"><img src='https:\/\/pincollection.multi2net.com\/WP\/wp-content\/uploads\/check-OK.jpg' \/><\/td>\n                    <td style=\"\">SkiVM`25<\/td>\n                    <td style=\"\">Maskot, Snedi<\/td>\n                    <td style=\"\">1500<\/td>\n                    <td style=\"\">IDE House of Brands<\/td>\n                    <td style=\"\">100<\/td>\n                    <td style=\"\">Utgitt 01.11.2025, Ruglete bakside uten tekst, s\u00f8lvval\u00f8r<\/td>\n            <\/tr>\n    <\/tbody>        <!-- \/Table body -->\n\n        \n    <\/table>\n\n        \n<\/div><style>\n.wpdtSimpleTable.wpDataTable tbody td .wrapper {\n  position:relative;\n}\n.wpdtSimpleTable.wpDataTable tbody td .wrapper img {\n  display: none\n}\n.wpdtSimpleTable.wpDataTable tbody td .wrapper:hover img {\n  display: block;\n  position:absolute;\n  top: -120px;\n  right: 0;\n\n}\n.wpdtSimpleTable.wpDataTable tbody td.wpdt-cell[data-cell-id='B2']{\n    overflow:unset !important;\n}table.wpDataTable td.numdata { text-align: right !important; }\n<\/style>\n<\/div>\n\n\n\n<div style=\"height:32px\" aria-hidden=\"true\" class=\"wp-block-spacer\"><\/div>\n\n\n\n<div class=\"wp-block-media-text is-stacked-on-mobile\" style=\"grid-template-columns:15% auto\"><figure class=\"wp-block-media-text__media\"><img loading=\"lazy\" decoding=\"async\" width=\"191\" height=\"290\" src=\"https:\/\/pincollection.multi2net.com\/WP\/wp-content\/uploads\/LOGO_SKIVM2025.jpg\" alt=\"\" class=\"wp-image-470 size-full\"\/><\/figure><div class=\"wp-block-media-text__content\">\n<p class=\"has-small-font-size\"><strong>Ski-VM 2025<\/strong>&nbsp;<br>skal arrangeres i&nbsp;Trondheim&nbsp;fra 26. februar til 9. mars 2025<br>Bes\u00f8k den offisielle siden for Ski VM Tronheim 2025<\/p>\n\n\n\n<p class=\"has-small-font-size\"><br><a href=\"https:\/\/trondheim2025.no\/\" target=\"_blank\" rel=\"noreferrer noopener\">https:\/\/trondheim2025.no\/<\/a><\/p>\n\n\n\n<p><\/p>\n<\/div><\/div>\n","protected":false},"excerpt":{"rendered":"<p>Pins utgivelser som kommer i forbindelse med Ski VM Trondheim 2025 vil legges ut her s\u00e5 snart de blir kjent. 01.11.2024Det er n\u00e5 forel\u00f8big utgitt 5 forskjellige pins-utgivelser i 2024. Opplysninger tilsier at det vil v\u00e6re meget begrenset med pins som utgis til dette arrangementet. Det er synd. Ski-VM 2025&nbsp;skal arrangeres i&nbsp;Trondheim&nbsp;fra 26. februar til [&hellip;]<\/p>\n","protected":false},"author":1,"featured_media":0,"parent":0,"menu_order":0,"comment_status":"closed","ping_status":"closed","template":"","meta":{"footnotes":""},"class_list":["post-389","page","type-page","status-publish","hentry"],"_links":{"self":[{"href":"https:\/\/pincollection.multi2net.com\/WP\/wp-json\/wp\/v2\/pages\/389","targetHints":{"allow":["GET"]}}],"collection":[{"href":"https:\/\/pincollection.multi2net.com\/WP\/wp-json\/wp\/v2\/pages"}],"about":[{"href":"https:\/\/pincollection.multi2net.com\/WP\/wp-json\/wp\/v2\/types\/page"}],"author":[{"embeddable":true,"href":"https:\/\/pincollection.multi2net.com\/WP\/wp-json\/wp\/v2\/users\/1"}],"replies":[{"embeddable":true,"href":"https:\/\/pincollection.multi2net.com\/WP\/wp-json\/wp\/v2\/comments?post=389"}],"version-history":[{"count":21,"href":"https:\/\/pincollection.multi2net.com\/WP\/wp-json\/wp\/v2\/pages\/389\/revisions"}],"predecessor-version":[{"id":943,"href":"https:\/\/pincollection.multi2net.com\/WP\/wp-json\/wp\/v2\/pages\/389\/revisions\/943"}],"wp:attachment":[{"href":"https:\/\/pincollection.multi2net.com\/WP\/wp-json\/wp\/v2\/media?parent=389"}],"curies":[{"name":"wp","href":"https:\/\/api.w.org\/{rel}","templated":true}]}}