{"id":516,"date":"2024-02-27T13:32:32","date_gmt":"2024-02-27T12:32:32","guid":{"rendered":"https:\/\/pincollection.multi2net.com\/WP\/?page_id=516"},"modified":"2024-04-03T13:06:18","modified_gmt":"2024-04-03T11:06:18","slug":"mankoliste-lillehammer-1994","status":"publish","type":"page","link":"https:\/\/pincollection.multi2net.com\/WP\/mankoliste-lillehammer-1994\/","title":{"rendered":"Lillehammer 1994 Manko Liste"},"content":{"rendered":"\n<p class=\"has-small-font-size\">Kommer&#8230;<\/p>\n\n\n\n<div class=\"wp-block-media-text is-stacked-on-mobile has-small-font-size\" style=\"grid-template-columns:24% auto\"><figure class=\"wp-block-media-text__media\"><img loading=\"lazy\" decoding=\"async\" width=\"300\" height=\"300\" src=\"https:\/\/pincollection.multi2net.com\/WP\/wp-content\/uploads\/lillehammer1994.webp\" alt=\"\" class=\"wp-image-583 size-full\" srcset=\"https:\/\/pincollection.multi2net.com\/WP\/wp-content\/uploads\/lillehammer1994.webp 300w, https:\/\/pincollection.multi2net.com\/WP\/wp-content\/uploads\/lillehammer1994-150x150.webp 150w\" sizes=\"auto, (max-width: 300px) 100vw, 300px\" \/><\/figure><div class=\"wp-block-media-text__content\">\n<p class=\"has-small-font-size\">Vinter-OL 1994 var de 17. olympiske vinterleker og ble arrangert fra 12. til 27. februar 1994 p\u00e5 Lillehammer, etter at byen ble tildelt lekene under Den internasjonale olympiske komit\u00e9s kongress i Seoul 15. september 1988. Dette var andre gang et vinter-OL ble arrangert i Norge, f\u00f8rste gang var i Oslo i 1952. Deler av lekene fant i tillegg til Lillehammer ogs\u00e5 sted p\u00e5 Hamar (der Vikingskipet og Nordlyshallen ble bygd for nettopp dette form\u00e5let), i Hafjell i \u00d8yer kommune, i Kvitfjell Alpinanlegg i Ringebu kommune og p\u00e5 Gj\u00f8vik (Fjellhallen). Beste nasjon ble Russland med elleve gullmedaljer, mens Norge endte opp med ti gull-, elleve s\u00f8lv- og fem bronsemedaljer.<\/p>\n\n\n\n<p class=\"has-small-font-size\">Dette OL var det f\u00f8rste i historien som hadde direkte resultatformidling via Internett, noe det norske Internettselskapet Oslonett sto for. Dette var ogs\u00e5 f\u00f8rste vinter-OL som ikke ble arrangert samme \u00e5ret som et sommer-OL. Dermed ble OL i 1994 arrangert kun to \u00e5r etter forrige vinter-OL i Albertville i 1992. Arrangementet ble betydelig dyrere enn ansl\u00e5tt i s\u00f8knaden, ingen vet n\u00f8yaktig hvor mye den ble overskredet, men det ansl\u00e5s til omkring 300 prosent.[1] I sin tale under avslutningsseremonien betegnet IOK-president Juan Antonio Samaranch de olympiske leker p\u00e5 Lillehammer som \u00abde beste vinterleker noensinne\u00bb (the best Olympic Winter Games ever).<\/p>\n<\/div><\/div>\n","protected":false},"excerpt":{"rendered":"<p>Kommer&#8230; Vinter-OL 1994 var de 17. olympiske vinterleker og ble arrangert fra 12. til 27. februar 1994 p\u00e5 Lillehammer, etter at byen ble tildelt lekene under Den internasjonale olympiske komit\u00e9s kongress i Seoul 15. september 1988. Dette var andre gang et vinter-OL ble arrangert i Norge, f\u00f8rste gang var i Oslo i 1952. Deler av [&hellip;]<\/p>\n","protected":false},"author":1,"featured_media":0,"parent":0,"menu_order":0,"comment_status":"closed","ping_status":"closed","template":"","meta":{"footnotes":""},"class_list":["post-516","page","type-page","status-publish","hentry"],"_links":{"self":[{"href":"https:\/\/pincollection.multi2net.com\/WP\/wp-json\/wp\/v2\/pages\/516","targetHints":{"allow":["GET"]}}],"collection":[{"href":"https:\/\/pincollection.multi2net.com\/WP\/wp-json\/wp\/v2\/pages"}],"about":[{"href":"https:\/\/pincollection.multi2net.com\/WP\/wp-json\/wp\/v2\/types\/page"}],"author":[{"embeddable":true,"href":"https:\/\/pincollection.multi2net.com\/WP\/wp-json\/wp\/v2\/users\/1"}],"replies":[{"embeddable":true,"href":"https:\/\/pincollection.multi2net.com\/WP\/wp-json\/wp\/v2\/comments?post=516"}],"version-history":[{"count":6,"href":"https:\/\/pincollection.multi2net.com\/WP\/wp-json\/wp\/v2\/pages\/516\/revisions"}],"predecessor-version":[{"id":651,"href":"https:\/\/pincollection.multi2net.com\/WP\/wp-json\/wp\/v2\/pages\/516\/revisions\/651"}],"wp:attachment":[{"href":"https:\/\/pincollection.multi2net.com\/WP\/wp-json\/wp\/v2\/media?parent=516"}],"curies":[{"name":"wp","href":"https:\/\/api.w.org\/{rel}","templated":true}]}}